{"id":10705,"date":"2014-07-08T14:02:16","date_gmt":"2014-07-08T11:02:16","guid":{"rendered":"http:\/\/www.bghaber.org\/bghaber\/?page_id=10705"},"modified":"2017-08-04T15:15:33","modified_gmt":"2017-08-04T12:15:33","slug":"bulgaristanda-turkiye-konsolosluklari","status":"publish","type":"page","link":"https:\/\/www.bghaber.org\/bghaber\/bulgaristanda-turkiye-konsolosluklari\/","title":{"rendered":"Bulgaristan&#8217;da T\u00fcrkiye Konsolosluklar\u0131"},"content":{"rendered":"<p><strong>Bulgaristan&#8217;da Bulunan T\u00fcrkiye Cumhuriyeti Konsolosluklar\u0131<\/strong><\/p>\n<p><strong>T\u00fcrkiye Cumhuriyeti B\u00fcy\u00fckel\u00e7ili\u011fi &#8211; Sofya<\/strong><br \/>\nAdres: Vasil Levski Bulvar\u0131 No: 80 Sofya<br \/>\nTel: +359 2 935 55 00<br \/>\nFaks: +359 2 981 93 58<br \/>\n\u00c7al\u0131\u015fma Saatleri: 09.00 &#8211; 12.30 ; 14.00 &#8211; 18.00<br \/>\nE.posta: <a href=\"mailto:%20embassy.sofia@mfa.gov.tr\">embassy.sofia@mfa.gov.tr<\/a><br \/>\nWebsite: <a href=\"http:\/\/sofya.be.mfa.gov.tr\/\">http:\/\/sofya.be.mfa.gov.tr<\/a><\/p>\n<p><strong>T\u00fcrkiye Cumhuriyeti Ba\u015fkonsoloslu\u011fu &#8211; Filibe(Plovdiv)<\/strong><br \/>\nAdres: Filip Makedonski No:10 Filibe(Plovdiv)<br \/>\nTel: +359 32 632309; +359 32 624010; +359 32 624020<br \/>\nFaks: +359 32 624839<br \/>\n\u00c7al\u0131\u015fma Saatleri: 09.00 &#8211; 12.30 ; 14.00 &#8211; 18.00<br \/>\nE.posta: <a href=\"mailto:%20consulate.plovdiv@mfa.gov.tr\">consulate.plovdiv@mfa.gov.tr<\/a><br \/>\nWebsite: <a href=\"http:\/\/filibe.bk.mfa.gov.tr\">http:\/\/filibe.bk.mfa.gov.tr<\/a><\/p>\n<p><strong>T\u00fcrkiye Cumhuriyeti Ba\u015fkonsoloslu\u011fu &#8211; Burgas<\/strong><br \/>\nAdres: Demokratsiya Bulvar\u0131 No: 38 Burgas<br \/>\nTel: +359 56 87 99 40, +359 56 87 99 50<br \/>\nFaks: +359 56 821700<br \/>\n\u00c7al\u0131\u015fma Saatleri: 09.00 &#8211; 12.30 ; 14.00 &#8211; 18.00<br \/>\nE.posta: <a href=\"mailto:%20consulate.burgas@mfa.gov.tr\">consulate.burgas@mfa.gov.tr<\/a><br \/>\nWebsite: <a href=\"http:\/\/burgaz.bk.mfa.gov.tr\">http:\/\/burgaz.bk.mfa.gov.tr<\/a><\/p>\n<p>&#8212;&#8212;&#8212;&#8212;&#8212;&#8212;&#8212;&#8212;&#8212;&#8212;&#8212;&#8212;&#8212;&#8212;&#8212;&#8212;&#8212;&#8212;&#8212;&#8212;&#8212;&#8212;&#8212;&#8212;&#8212;&#8212;&#8212;&#8212;&#8212;&#8212;&#8212;&#8212;&#8212;&#8211;<\/p><div id=\"bghab-1230347200\" class=\"bghab-icerik-icine bghab-entity-placement\"><script async src=\"\/\/pagead2.googlesyndication.com\/pagead\/js\/adsbygoogle.js?client=ca-pub-6203283170189293\" crossorigin=\"anonymous\"><\/script><ins class=\"adsbygoogle\" style=\"display:block; text-align:center;\" data-ad-client=\"ca-pub-6203283170189293\" \ndata-ad-slot=\"7303146466\" \ndata-ad-layout=\"in-article\"\ndata-ad-format=\"fluid\" data-full-width-responsive=\"true\"><\/ins>\n<script> \n(adsbygoogle = window.adsbygoogle || []).push({}); \n<\/script>\n<\/div>\n<p>&nbsp;<\/p>\n<p style=\"margin: 0px 0px 10px; padding: 0px; border: 0px; clear: left; font-family: Arial, sans-serif; color: #2f2f2f; font-size: 14px; font-style: normal; font-variant: normal; font-weight: normal; letter-spacing: normal; line-height: 19.600000381469727px; orphans: auto; text-align: left; text-indent: 0px; text-transform: none; white-space: normal; widows: auto; word-spacing: 0px; -webkit-text-stroke-width: 0px; background-color: #f8f8f8;\"><strong>\u041f\u043e\u0441\u043e\u043b\u0441\u0442\u0432\u043e \u043d\u0430 \u0420\u0435\u043f\u0443\u0431\u043b\u0438\u043a\u0430 \u0422\u0443\u0440\u0446\u0438\u044f \u0432 \u0421\u043e\u0444\u0438\u044f<\/strong><br \/>\n\u0410\u0434\u0440\u0435\u0441: \u0433\u0440. \u0421\u043e\u0444\u0438\u044f, \u0431\u0443\u043b. \u201e\u0412\u0430\u0441\u0438\u043b \u041b\u0435\u0432\u0441\u043a\u0438\u201d \u2116 80<br \/>\n\u0422\u0435\u043b.: +359 2 935 55 00<br \/>\n\u0424\u0430\u043a\u0441: +359 2\u00a0981 93 58<br \/>\n\u0420\u0430\u0431\u043e\u0442\u043d\u043e \u0432\u0440\u0435\u043c\u0435: 09.00 &#8211; 12.30 \u0447.; 14.00 &#8211; 18.00 \u0447.<\/p>\n<p><strong>\u0413\u0435\u043d\u0435\u0440\u0430\u043b\u043d\u043e \u043a\u043e\u043d\u0441\u0443\u043b\u0441\u0442\u0432\u043e \u043d\u0430 \u0420\u0435\u043f\u0443\u0431\u043b\u0438\u043a\u0430 \u0422\u0443\u0440\u0446\u0438\u044f \u0432 \u041f\u043b\u043e\u0432\u0434\u0438\u0432<\/strong><br \/>\n\u0410\u0434\u0440\u0435\u0441: 4000 \u0433\u0440. \u041f\u043b\u043e\u0432\u0434\u0438\u0432, \u0443\u043b. \u201e\u0424\u0438\u043b\u0438\u043f \u041c\u0430\u043a\u0435\u0434\u043e\u043d\u0441\u043a\u0438\u201d \u2116 10<br \/>\n\u0422\u0435\u043b\u0435\u0444\u043e\u043d: +359 32 632309; +359 32 624010; +359 32 624020<br \/>\n\u0424\u0430\u043a\u0441: +359 32 624839<br \/>\n\u0420\u0430\u0431\u043e\u0442\u043d\u043e \u0432\u0440\u0435\u043c\u0435: 09.00 &#8211; 12.30 \u0447.; 14.00 &#8211; 18.00 \u0447.<\/p>\n<p><strong>\u0413\u0435\u043d\u0435\u0440\u0430\u043b\u043d\u043e \u043a\u043e\u043d\u0441\u0443\u043b\u0441\u0442\u0432\u043e \u043d\u0430 \u0420\u0435\u043f\u0443\u0431\u043b\u0438\u043a\u0430 \u0422\u0443\u0440\u0446\u0438\u044f \u0432 \u0411\u0443\u0440\u0433\u0430\u0441<\/strong><br \/>\n\u0410\u0434\u0440\u0435\u0441: 8000 \u0433\u0440. \u0411\u0443\u0440\u0433\u0430\u0441, \u0431\u0443\u043b. \u201e\u0414\u0435\u043c\u043e\u043a\u0440\u0430\u0446\u0438\u044f\u201d \u2116 38<br \/>\n\u0422\u0435\u043b\u0435\u0444\u043e\u043d: +359 56 87 99 40, +359 56 87 99 50<br \/>\n\u0424\u0430\u043a\u0441: +359 56 821700<br \/>\n\u0420\u0430\u0431\u043e\u0442\u043d\u043e \u0432\u0440\u0435\u043c\u0435: 09.00 &#8211; 12.30 \u0447.; 14.00 &#8211; 18.00 \u0447.<\/p>\n<p>&nbsp;<\/p><div id=\"bghab-3939993844\" class=\"bghab-icerik-icine-10-paragraf bghab-entity-placement\"><script async src=\"\/\/pagead2.googlesyndication.com\/pagead\/js\/adsbygoogle.js?client=ca-pub-6203283170189293\" crossorigin=\"anonymous\"><\/script><ins class=\"adsbygoogle\" style=\"display:block; text-align:center;\" data-ad-client=\"ca-pub-6203283170189293\" \ndata-ad-slot=\"7303146466\" \ndata-ad-layout=\"in-article\"\ndata-ad-format=\"fluid\" data-full-width-responsive=\"true\"><\/ins>\n<script> \n(adsbygoogle = window.adsbygoogle || []).push({}); \n<\/script>\n<\/div>\n<p>&nbsp;<\/p>\n<p><em>Bu yaz\u0131 <a href=\"http:\/\/raziyemurat.uluturk.net\">Murat Ulut\u00fcrk<\/a> taraf\u0131ndan haz\u0131rlanm\u0131\u015ft\u0131r.<\/em><\/p>\n<div id=\"bghab-3339119644\" class=\"bghab-yazi-altinda bghab-entity-placement\"><div class=\"bghab-adlabel\">Reklamlar<\/div><script async src=\"https:\/\/pagead2.googlesyndication.com\/pagead\/js\/adsbygoogle.js\"><\/script>\r\n<!-- bghaber-yaz\u0131-sonu -->\r\n<ins class=\"adsbygoogle\"\r\n     style=\"display:block\"\r\n     data-ad-client=\"ca-pub-6203283170189293\"\r\n     data-ad-slot=\"4222328180\"\r\n     data-ad-format=\"auto\"\r\n     data-full-width-responsive=\"true\"><\/ins>\r\n<script>\r\n     (adsbygoogle = window.adsbygoogle || []).push({});\r\n<\/script><\/div><br style=\"clear: both; display: block; float: none;\"\/>","protected":false},"excerpt":{"rendered":"<p>Bulgaristan&#8217;da Bulunan T\u00fcrkiye Cumhuriyeti Konsolosluklar\u0131 T\u00fcrkiye Cumhuriyeti B\u00fcy\u00fckel\u00e7ili\u011fi &#8211; Sofya Adres: Vasil Levski Bulvar\u0131 No: 80 Sofya Tel: +359 2 935 55 00 Faks: +359<\/p>\n","protected":false},"author":1,"featured_media":0,"parent":0,"menu_order":0,"comment_status":"open","ping_status":"open","template":"","meta":{"advanced_seo_description":"","jetpack_seo_html_title":"","jetpack_seo_noindex":false,"footnotes":""},"class_list":["post-10705","page","type-page","status-publish","hentry"],"jetpack_sharing_enabled":true,"jetpack_likes_enabled":true,"jetpack-related-posts":[],"jetpack_shortlink":"https:\/\/wp.me\/Pc2PfJ-2MF","_links":{"self":[{"href":"https:\/\/www.bghaber.org\/bghaber\/wp-json\/wp\/v2\/pages\/10705","targetHints":{"allow":["GET"]}}],"collection":[{"href":"https:\/\/www.bghaber.org\/bghaber\/wp-json\/wp\/v2\/pages"}],"about":[{"href":"https:\/\/www.bghaber.org\/bghaber\/wp-json\/wp\/v2\/types\/page"}],"author":[{"embeddable":true,"href":"https:\/\/www.bghaber.org\/bghaber\/wp-json\/wp\/v2\/users\/1"}],"replies":[{"embeddable":true,"href":"https:\/\/www.bghaber.org\/bghaber\/wp-json\/wp\/v2\/comments?post=10705"}],"version-history":[{"count":0,"href":"https:\/\/www.bghaber.org\/bghaber\/wp-json\/wp\/v2\/pages\/10705\/revisions"}],"wp:attachment":[{"href":"https:\/\/www.bghaber.org\/bghaber\/wp-json\/wp\/v2\/media?parent=10705"}],"curies":[{"name":"wp","href":"https:\/\/api.w.org\/{rel}","templated":true}]}}